{"id":6394,"date":"2021-06-01T13:40:09","date_gmt":"2021-06-01T13:40:09","guid":{"rendered":"https:\/\/seykayachts.com\/sobre-nosotros\/"},"modified":"2023-06-09T08:57:38","modified_gmt":"2023-06-09T08:57:38","slug":"sobre-nosotros","status":"publish","type":"page","link":"https:\/\/seykayachts.com\/de\/sobre-nosotros\/","title":{"rendered":"\u00dcBER UNS"},"content":{"rendered":"<section class=\"l-section wpb_row height_huge with_img\" id=\"start\"><div class=\"l-section-img\" data-img-width=\"2560\" data-img-height=\"1440\" style=\"background-image: url(https:\/\/seykayachts.com\/wp-content\/uploads\/2023\/01\/gitjrhtrjoirh-scaled.jpg);\"><\/div><div class=\"l-section-overlay\" style=\"background:linear-gradient(180deg,rgba(26,26,26,0.63271484375),rgba(0,0,0,0.35))\"><\/div><div class=\"l-section-h i-cf\"><div class=\"g-cols vc_row via_flex valign_top type_default stacking_default\"><div class=\"vc_col-sm-12 wpb_column vc_column_container\"><div class=\"vc_column-inner\"><div class=\"wpb_wrapper\"><div class=\"g-cols wpb_row via_flex valign_top type_default stacking_default\"><div class=\"vc_col-sm-12 wpb_column vc_column_container us_animate_afb\" style=\"animation-delay:0.2s\"><div class=\"vc_column-inner\"><div class=\"wpb_wrapper\"><h1 class=\"w-text us_custom_d91554c1 has_text_color\"><span class=\"w-text-h\"><span class=\"w-text-value\">SEYKA YACHTS<\/span><\/span><\/h1><\/div><\/div><\/div><\/div><\/div><\/div><\/div><\/div><\/div><\/section><section class=\"l-section wpb_row height_medium\"><div class=\"l-section-h i-cf\"><div class=\"g-cols vc_row via_flex valign_middle type_default stacking_default\"><div class=\"vc_col-sm-6 wpb_column vc_column_container\"><div class=\"vc_column-inner\"><div class=\"wpb_wrapper\"><div class=\"wpb_text_column\"><div class=\"wpb_wrapper\"><p>Das Unternehmen Seyka Yachts entstand als Ergebnis jahrelangen Engagements in dieser Branche und bietet unseren Kunden die Professionalit\u00e4t und Begeisterung, die wir seit Jahren mit uns herumtragen. Wir bieten erstklassige Dienstleistungen mit hohen Servicestandards. Unsere Mission ist es, die Bed\u00fcrfnisse unserer Kunden und ihrer Boote zu erf\u00fcllen und ihnen die Gewissheit zu geben, dass sie ihr Boot in unsere H\u00e4nde legen k\u00f6nnen, sich keine Sorgen mehr machen und sich einfach auf den Spa\u00df am Segeln konzentrieren k\u00f6nnen.<\/p>\n<\/div><\/div><\/div><\/div><\/div><div class=\"vc_col-sm-6 wpb_column vc_column_container\"><div class=\"vc_column-inner type_sticky\"><div class=\"wpb_wrapper\"><div class=\"w-image align_none\"><div class=\"w-image-h\"><img loading=\"lazy\" decoding=\"async\" width=\"600\" height=\"363\" src=\"https:\/\/seykayachts.com\/wp-content\/uploads\/2023\/01\/GBGFHHHE-scaled-600x363.jpg\" class=\"attachment-woocommerce_single size-woocommerce_single\" alt=\"\" srcset=\"https:\/\/seykayachts.com\/wp-content\/uploads\/2023\/01\/GBGFHHHE-scaled-600x363.jpg 600w, https:\/\/seykayachts.com\/wp-content\/uploads\/2023\/01\/GBGFHHHE-scaled-300x182.jpg 300w, https:\/\/seykayachts.com\/wp-content\/uploads\/2023\/01\/GBGFHHHE-scaled-1024x620.jpg 1024w, https:\/\/seykayachts.com\/wp-content\/uploads\/2023\/01\/GBGFHHHE-scaled-26x16.jpg 26w, https:\/\/seykayachts.com\/wp-content\/uploads\/2023\/01\/GBGFHHHE-scaled-400x242.jpg 400w, https:\/\/seykayachts.com\/wp-content\/uploads\/2023\/01\/GBGFHHHE-scaled-500x303.jpg 500w, https:\/\/seykayachts.com\/wp-content\/uploads\/2023\/01\/GBGFHHHE-scaled-661x400.jpg 661w\" sizes=\"auto, (max-width: 600px) 100vw, 600px\" \/><\/div><\/div><\/div><\/div><\/div><\/div><\/div><\/section><section class=\"l-section wpb_row height_medium\"><div class=\"l-section-h i-cf\"><div class=\"g-cols vc_row via_flex valign_top type_default stacking_default\"><div class=\"vc_col-sm-6 wpb_column vc_column_container\"><div class=\"vc_column-inner type_sticky\"><div class=\"wpb_wrapper\"><div class=\"w-image align_none\"><div class=\"w-image-h\"><img loading=\"lazy\" decoding=\"async\" width=\"600\" height=\"600\" src=\"https:\/\/seykayachts.com\/wp-content\/uploads\/2023\/01\/bbzjkvb-scaled-600x600.jpg\" class=\"attachment-us_600_600_crop size-us_600_600_crop\" alt=\"\" srcset=\"https:\/\/seykayachts.com\/wp-content\/uploads\/2023\/01\/bbzjkvb-scaled-600x600.jpg 600w, https:\/\/seykayachts.com\/wp-content\/uploads\/2023\/01\/bbzjkvb-scaled-300x300.jpg 300w, https:\/\/seykayachts.com\/wp-content\/uploads\/2023\/01\/bbzjkvb-scaled-150x150.jpg 150w, https:\/\/seykayachts.com\/wp-content\/uploads\/2023\/01\/bbzjkvb-scaled-400x400.jpg 400w, https:\/\/seykayachts.com\/wp-content\/uploads\/2023\/01\/bbzjkvb-scaled-1024x1024.jpg 1024w\" sizes=\"auto, (max-width: 600px) 100vw, 600px\" \/><\/div><\/div><\/div><\/div><\/div><div class=\"vc_col-sm-6 wpb_column vc_column_container\"><div class=\"vc_column-inner\"><div class=\"wpb_wrapper\"><div class=\"wpb_text_column\"><div class=\"wpb_wrapper\"><p><em>CEO UND GR\u00dcNDER<\/em><br \/>\n<strong>Sergio de Juan<\/strong><br \/>\n<em>Navigations- und Meeresliebhaber.<\/em><\/p>\n<p>Professioneller Skipper, Hobbyfischer und Perfektionist im Detail.<\/p>\n<p>Schon in jungen Jahren segelte er mit seinem Vater auf einem 7-Meter-Lla\u00fct.<br \/>\nAls sie die j\u00e4hrliche Strandung dieses Schiffes vorbereiteten, half er bereits gerne bei der Erledigung der Arbeiten.<\/p>\n<p>Mehrere Jahre leitete er die Arbeiten am Trockendock Port Ol\u00edmpic de Calanova, in diesem Unternehmen erwarb er viele Kenntnisse, die er heute beruflich anwenden kann. Nachdem er die Entscheidung monatelang analysiert hatte, beschloss er schlie\u00dflich, den Schritt zu wagen und seine pers\u00f6nliche und berufliche Zufriedenheit zu steigern, und startete die Gr\u00fcndung von Seyka Yachts.<\/p>\n<p>Heute ist er ein Fachmann mit mehr als 10 Jahren Erfahrung und verf\u00fcgt \u00fcber umfassende Kenntnisse in der Wartung und Reparatur von Booten. Er ist Spezialist f\u00fcr Sandstrahlen, Antiosmoseverfahren, Polieren, Propellerbehandlungen, Antifouling-Anwendungen usw.<\/p>\n<p>Sergio ist bei Seyka Yachts f\u00fcr die Arbeit der Boote im Trockendock verantwortlich und ber\u00e4t Sie, welche Art von Behandlung oder Service f\u00fcr Sie und Ihr Boot geeignet ist.<\/p>\n<p>Wer ihn kennt, wei\u00df, dass ein Boot nicht in besseren H\u00e4nden sein k\u00f6nnte!<br \/>\nUnd wenn Sie ihn noch nicht kennen: Kopf hoch! Sie werden es selbst sehen!<\/p>\n<\/div><\/div><\/div><\/div><\/div><\/div><\/div><\/section><section class=\"l-section wpb_row height_medium\"><div class=\"l-section-h i-cf\"><div class=\"g-cols vc_row via_flex valign_top type_default stacking_default\"><div class=\"vc_col-sm-6 wpb_column vc_column_container\"><div class=\"vc_column-inner\"><div class=\"wpb_wrapper\"><div class=\"wpb_text_column\"><div class=\"wpb_wrapper\"><p><em>CEO UND GR\u00dcNDER<\/em><br \/>\n<strong>Veronica Pomar<\/strong><\/p>\n<p><em>Er begann im Alter von 18 Jahren zu segeln und verliebte sich in das Meer.<\/em><\/p>\n<p>Professioneller M\u00e4zen.<\/p>\n<p>Sie hat sieben Jahre lang an Bord gro\u00dfer Boote gearbeitet, als Stewardess\/Seglerin und Chefhostess.<br \/>\nLiebe zum Detail.<\/p>\n<p>Gemeinsam mit Sergio beschlossen sie, diese gro\u00dfartige Kreation von Seyka Yachts umzusetzen, da sie \u00fcber umfangreiche Erfahrung verf\u00fcgten, nicht nur als Profi im Innenservice von Luxusyachten, sondern auch als Spezialist f\u00fcr Deckarbeiten, wie z. Reinigung, Polieren, Wartung und Reparatur von Booten im Allgemeinen.<br \/>\nVer\u00f3nica ist bei Seyka Yachts f\u00fcr die Verwaltung, das Management von Bootscharter und den Verkauf von Booten verantwortlich.<\/p>\n<\/div><\/div><\/div><\/div><\/div><div class=\"vc_col-sm-6 wpb_column vc_column_container\"><div class=\"vc_column-inner type_sticky\"><div class=\"wpb_wrapper\"><div class=\"w-image align_none\"><div class=\"w-image-h\"><img loading=\"lazy\" decoding=\"async\" width=\"600\" height=\"600\" src=\"https:\/\/seykayachts.com\/wp-content\/uploads\/2023\/01\/gitjrhtrjoirh-scaled-600x600.jpg\" class=\"attachment-us_600_600_crop size-us_600_600_crop\" alt=\"\" srcset=\"https:\/\/seykayachts.com\/wp-content\/uploads\/2023\/01\/gitjrhtrjoirh-scaled-600x600.jpg 600w, https:\/\/seykayachts.com\/wp-content\/uploads\/2023\/01\/gitjrhtrjoirh-scaled-300x300.jpg 300w, https:\/\/seykayachts.com\/wp-content\/uploads\/2023\/01\/gitjrhtrjoirh-scaled-150x150.jpg 150w, https:\/\/seykayachts.com\/wp-content\/uploads\/2023\/01\/gitjrhtrjoirh-scaled-400x400.jpg 400w, https:\/\/seykayachts.com\/wp-content\/uploads\/2023\/01\/gitjrhtrjoirh-scaled-1024x1024.jpg 1024w\" sizes=\"auto, (max-width: 600px) 100vw, 600px\" \/><\/div><\/div><\/div><\/div><\/div><\/div><\/div><\/section>\n","protected":false},"excerpt":{"rendered":"SEYKA YACHTSDas Unternehmen Seyka Yachts entstand als Ergebnis jahrelangen Engagements in dieser Branche und bietet unseren Kunden die Professionalit\u00e4t und Begeisterung, die wir seit Jahren mit uns herumtragen. Wir bieten erstklassige Dienstleistungen mit hohen Servicestandards. Unsere Mission ist es, die Bed\u00fcrfnisse unserer Kunden und ihrer Boote zu erf\u00fcllen und ihnen die Gewissheit zu geben, dass...","protected":false},"author":7,"featured_media":0,"parent":0,"menu_order":0,"comment_status":"closed","ping_status":"closed","template":"","meta":{"_acf_changed":false,"_joinchat":[],"footnotes":""},"class_list":["post-6394","page","type-page","status-publish","hentry"],"acf":[],"_links":{"self":[{"href":"https:\/\/seykayachts.com\/de\/wp-json\/wp\/v2\/pages\/6394","targetHints":{"allow":["GET"]}}],"collection":[{"href":"https:\/\/seykayachts.com\/de\/wp-json\/wp\/v2\/pages"}],"about":[{"href":"https:\/\/seykayachts.com\/de\/wp-json\/wp\/v2\/types\/page"}],"author":[{"embeddable":true,"href":"https:\/\/seykayachts.com\/de\/wp-json\/wp\/v2\/users\/7"}],"replies":[{"embeddable":true,"href":"https:\/\/seykayachts.com\/de\/wp-json\/wp\/v2\/comments?post=6394"}],"version-history":[{"count":3,"href":"https:\/\/seykayachts.com\/de\/wp-json\/wp\/v2\/pages\/6394\/revisions"}],"predecessor-version":[{"id":6507,"href":"https:\/\/seykayachts.com\/de\/wp-json\/wp\/v2\/pages\/6394\/revisions\/6507"}],"wp:attachment":[{"href":"https:\/\/seykayachts.com\/de\/wp-json\/wp\/v2\/media?parent=6394"}],"curies":[{"name":"wp","href":"https:\/\/api.w.org\/{rel}","templated":true}]}}