{"id":6385,"date":"2023-05-09T17:43:20","date_gmt":"2023-05-09T17:43:20","guid":{"rendered":"https:\/\/seykayachts.com\/charter-nautico\/"},"modified":"2023-10-03T16:41:51","modified_gmt":"2023-10-03T16:41:51","slug":"bootsvermietung","status":"publish","type":"page","link":"https:\/\/seykayachts.com\/de\/bootsvermietung\/","title":{"rendered":"BOOTSVERMIETUNG AUF MALLORCA"},"content":{"rendered":"<section class=\"l-section wpb_row us_custom_c7535da0 height_huge with_img parallax_ver\"><div class=\"l-section-img\" data-img-width=\"2560\" data-img-height=\"1549\" style=\"background-image: url(https:\/\/seykayachts.com\/wp-content\/uploads\/2023\/01\/GBGFHHHE-scaled.jpg);background-position: top center;background-repeat: no-repeat;\"><\/div><div class=\"l-section-overlay\" style=\"background:linear-gradient(180deg,rgba(26,26,26,0.50),rgba(0,0,0,0))\"><\/div><div class=\"l-section-h i-cf\"><div class=\"g-cols vc_row via_flex valign_middle type_default stacking_default\"><div class=\"vc_col-sm-12 wpb_column vc_column_container\"><div class=\"vc_column-inner\"><div class=\"wpb_wrapper\"><div class=\"g-cols wpb_row via_flex valign_top type_default stacking_default\"><div class=\"vc_col-sm-12 wpb_column vc_column_container\"><div class=\"vc_column-inner us_custom_f70d789f us_animate_this\"><div class=\"wpb_wrapper\"><h1 class=\"w-post-elm post_title us_custom_0545b366 has_text_color entry-title color_link_inherit\">BOOTSVERMIETUNG AUF MALLORCA<\/h1><\/div><\/div><\/div><\/div><\/div><\/div><\/div><\/div><\/div><\/section><section class=\"l-section wpb_row height_medium\"><div class=\"l-section-h i-cf\"><div class=\"g-cols vc_row via_flex valign_top type_default reversed stacking_default\"><div class=\"vc_col-sm-6 wpb_column vc_column_container\"><div class=\"vc_column-inner\"><div class=\"wpb_wrapper\"><div class=\"wpb_text_column us_custom_1f257949\"><div class=\"wpb_wrapper\"><p class=\"Cuerpo\">Wir verf\u00fcgen \u00fcber mehrere Boote, mit denen Sie einen fantastischen Segeltag verbringen und die wundersch\u00f6nen K\u00fcsten der Balearen genie\u00dfen k\u00f6nnen. Weitere Informationen finden Sie in unserem Dropdown-Men\u00fc zum Thema Boote.<\/p>\n<\/div><\/div><div class=\"w-hwrapper align_none valign_middle wrap\"><div class=\"w-btn-wrapper align_center\"><a class=\"w-btn us-btn-style_1\" href=\"https:\/\/seykayachts.com\/de\/contacto\/\"><span class=\"w-btn-label\">NACH INFORMATIONEN FRAGEN<\/span><\/a><\/div><div class=\"w-btn-wrapper align_center\"><a class=\"w-btn us-btn-style_1\" title=\"BOOTE ZU VERMIETEN AUF MALLORCA\" href=\"https:\/\/seykayachts.com\/de\/alquilar-barco\/\"><span class=\"w-btn-label\">BOOTE ZUM VERMIETEN<\/span><\/a><\/div><\/div><\/div><\/div><\/div><div class=\"vc_col-sm-6 wpb_column vc_column_container\"><div class=\"vc_column-inner type_sticky\"><div class=\"wpb_wrapper\"><div class=\"w-image style_shadow-2 align_none\"><div class=\"w-image-h\"><div class=\"w-image-shadow\" style=\"background-image:url(https:\/\/seykayachts.com\/wp-content\/uploads\/2023\/01\/grregehrth-scaled-600x283.jpg);\"><\/div><img loading=\"lazy\" decoding=\"async\" width=\"600\" height=\"283\" src=\"https:\/\/seykayachts.com\/wp-content\/uploads\/2023\/01\/grregehrth-scaled-600x283.jpg\" class=\"attachment-woocommerce_single size-woocommerce_single\" alt=\"\" srcset=\"https:\/\/seykayachts.com\/wp-content\/uploads\/2023\/01\/grregehrth-scaled-600x283.jpg 600w, https:\/\/seykayachts.com\/wp-content\/uploads\/2023\/01\/grregehrth-scaled-300x142.jpg 300w, https:\/\/seykayachts.com\/wp-content\/uploads\/2023\/01\/grregehrth-scaled-1024x484.jpg 1024w, https:\/\/seykayachts.com\/wp-content\/uploads\/2023\/01\/grregehrth-scaled-26x12.jpg 26w, https:\/\/seykayachts.com\/wp-content\/uploads\/2023\/01\/grregehrth-scaled-400x189.jpg 400w, https:\/\/seykayachts.com\/wp-content\/uploads\/2023\/01\/grregehrth-scaled-500x236.jpg 500w, https:\/\/seykayachts.com\/wp-content\/uploads\/2023\/01\/grregehrth-scaled-700x331.jpg 700w\" sizes=\"auto, (max-width: 600px) 100vw, 600px\" \/><\/div><\/div><\/div><\/div><\/div><\/div><\/div><\/section>\n","protected":false},"excerpt":{"rendered":"BOOTSVERMIETUNG AUF MALLORCAWir verf\u00fcgen \u00fcber mehrere Boote, mit denen Sie einen fantastischen Segeltag verbringen und die wundersch\u00f6nen K\u00fcsten der Balearen genie\u00dfen k\u00f6nnen. Weitere Informationen finden Sie in unserem Dropdown-Men\u00fc zum Thema Boote. NACH INFORMATIONEN FRAGENBOOTE ZUM VERMIETEN","protected":false},"author":7,"featured_media":0,"parent":0,"menu_order":0,"comment_status":"closed","ping_status":"closed","template":"","meta":{"_acf_changed":false,"_joinchat":[],"footnotes":""},"class_list":["post-6385","page","type-page","status-publish","hentry"],"acf":[],"_links":{"self":[{"href":"https:\/\/seykayachts.com\/de\/wp-json\/wp\/v2\/pages\/6385","targetHints":{"allow":["GET"]}}],"collection":[{"href":"https:\/\/seykayachts.com\/de\/wp-json\/wp\/v2\/pages"}],"about":[{"href":"https:\/\/seykayachts.com\/de\/wp-json\/wp\/v2\/types\/page"}],"author":[{"embeddable":true,"href":"https:\/\/seykayachts.com\/de\/wp-json\/wp\/v2\/users\/7"}],"replies":[{"embeddable":true,"href":"https:\/\/seykayachts.com\/de\/wp-json\/wp\/v2\/comments?post=6385"}],"version-history":[{"count":7,"href":"https:\/\/seykayachts.com\/de\/wp-json\/wp\/v2\/pages\/6385\/revisions"}],"predecessor-version":[{"id":7334,"href":"https:\/\/seykayachts.com\/de\/wp-json\/wp\/v2\/pages\/6385\/revisions\/7334"}],"wp:attachment":[{"href":"https:\/\/seykayachts.com\/de\/wp-json\/wp\/v2\/media?parent=6385"}],"curies":[{"name":"wp","href":"https:\/\/api.w.org\/{rel}","templated":true}]}}