{"id":6362,"date":"2023-04-19T17:09:57","date_gmt":"2023-04-19T17:09:57","guid":{"rendered":"https:\/\/seykayachts.com\/pintura\/"},"modified":"2025-01-23T06:51:32","modified_gmt":"2025-01-23T06:51:32","slug":"lackierung-bemalung","status":"publish","type":"page","link":"https:\/\/seykayachts.com\/de\/lackierung-bemalung\/","title":{"rendered":"LACKIERUNG\/BEMALUNG AUF MALLORCA"},"content":{"rendered":"<section class=\"l-section wpb_row us_custom_c7535da0 height_huge with_img parallax_ver\"><div class=\"l-section-img\" data-img-width=\"2560\" data-img-height=\"1549\" style=\"background-image: url(https:\/\/seykayachts.com\/wp-content\/uploads\/2023\/01\/GBGFHHHE-scaled.jpg);background-position: top center;background-repeat: no-repeat;\"><\/div><div class=\"l-section-overlay\" style=\"background:linear-gradient(180deg,rgba(26,26,26,0.50),rgba(0,0,0,0))\"><\/div><div class=\"l-section-h i-cf\"><div class=\"g-cols vc_row via_flex valign_middle type_default stacking_default\"><div class=\"vc_col-sm-12 wpb_column vc_column_container\"><div class=\"vc_column-inner\"><div class=\"wpb_wrapper\"><div class=\"g-cols wpb_row via_flex valign_top type_default stacking_default\"><div class=\"vc_col-sm-12 wpb_column vc_column_container\"><div class=\"vc_column-inner us_custom_f70d789f us_animate_this\"><div class=\"wpb_wrapper\"><h1 class=\"w-post-elm post_title us_custom_0545b366 has_text_color entry-title color_link_inherit\">LACKIERUNG\/BEMALUNG AUF MALLORCA<\/h1><\/div><\/div><\/div><\/div><\/div><\/div><\/div><\/div><\/div><\/section><section class=\"l-section wpb_row height_medium\"><div class=\"l-section-h i-cf\"><div class=\"g-cols vc_row via_flex valign_top type_default reversed stacking_default\"><div class=\"vc_col-sm-6 wpb_column vc_column_container\"><div class=\"vc_column-inner\"><div class=\"wpb_wrapper\"><div class=\"wpb_text_column us_custom_1f257949\"><div class=\"wpb_wrapper\"><p>Je nach den Bed\u00fcrfnissen jedes Bootes bieten wir einen Lackierservice mit darauf spezialisierten Technikern an. Gem\u00e4lde von Booten gro\u00dfer und kleiner L\u00e4nge in Zelten. Lackieren von Teilen in der Kabine und Schl\u00e4gen, die lackiert werden m\u00fcssen und kein Gelcoat.<\/p>\n<\/div><\/div><div class=\"w-hwrapper align_none valign_middle wrap\"><div class=\"w-btn-wrapper align_center\"><a class=\"w-btn us-btn-style_1\" href=\"https:\/\/seykayachts.com\/de\/contacto\/\"><span class=\"w-btn-label\">NACH INFORMATIONEN FRAGEN<\/span><\/a><\/div><\/div><\/div><\/div><\/div><div class=\"vc_col-sm-6 wpb_column vc_column_container\"><div class=\"vc_column-inner type_sticky\"><div class=\"wpb_wrapper\"><div class=\"w-image style_shadow-2 align_none\"><div class=\"w-image-h\"><div class=\"w-image-shadow\" style=\"background-image:url(https:\/\/seykayachts.com\/wp-content\/uploads\/2023\/05\/PINTURA-600x600.jpg);\"><\/div><img loading=\"lazy\" decoding=\"async\" width=\"600\" height=\"600\" src=\"https:\/\/seykayachts.com\/wp-content\/uploads\/2023\/05\/PINTURA-600x600.jpg\" class=\"attachment-us_600_600_crop size-us_600_600_crop\" alt=\"\" srcset=\"https:\/\/seykayachts.com\/wp-content\/uploads\/2023\/05\/PINTURA-600x600.jpg 600w, https:\/\/seykayachts.com\/wp-content\/uploads\/2023\/05\/PINTURA-300x300.jpg 300w, https:\/\/seykayachts.com\/wp-content\/uploads\/2023\/05\/PINTURA-150x150.jpg 150w, https:\/\/seykayachts.com\/wp-content\/uploads\/2023\/05\/PINTURA-400x400.jpg 400w, https:\/\/seykayachts.com\/wp-content\/uploads\/2023\/05\/PINTURA-1024x1024.jpg 1024w\" sizes=\"auto, (max-width: 600px) 100vw, 600px\" \/><\/div><\/div><\/div><\/div><\/div><\/div><\/div><\/section>\n","protected":false},"excerpt":{"rendered":"LACKIERUNG\/BEMALUNG AUF MALLORCAJe nach den Bed\u00fcrfnissen jedes Bootes bieten wir einen Lackierservice mit darauf spezialisierten Technikern an. Gem\u00e4lde von Booten gro\u00dfer und kleiner L\u00e4nge in Zelten. Lackieren von Teilen in der Kabine und Schl\u00e4gen, die lackiert werden m\u00fcssen und kein Gelcoat. NACH INFORMATIONEN FRAGEN","protected":false},"author":7,"featured_media":0,"parent":0,"menu_order":0,"comment_status":"closed","ping_status":"closed","template":"","meta":{"_acf_changed":false,"_joinchat":[],"footnotes":""},"class_list":["post-6362","page","type-page","status-publish","hentry"],"acf":[],"_links":{"self":[{"href":"https:\/\/seykayachts.com\/de\/wp-json\/wp\/v2\/pages\/6362","targetHints":{"allow":["GET"]}}],"collection":[{"href":"https:\/\/seykayachts.com\/de\/wp-json\/wp\/v2\/pages"}],"about":[{"href":"https:\/\/seykayachts.com\/de\/wp-json\/wp\/v2\/types\/page"}],"author":[{"embeddable":true,"href":"https:\/\/seykayachts.com\/de\/wp-json\/wp\/v2\/users\/7"}],"replies":[{"embeddable":true,"href":"https:\/\/seykayachts.com\/de\/wp-json\/wp\/v2\/comments?post=6362"}],"version-history":[{"count":7,"href":"https:\/\/seykayachts.com\/de\/wp-json\/wp\/v2\/pages\/6362\/revisions"}],"predecessor-version":[{"id":8520,"href":"https:\/\/seykayachts.com\/de\/wp-json\/wp\/v2\/pages\/6362\/revisions\/8520"}],"wp:attachment":[{"href":"https:\/\/seykayachts.com\/de\/wp-json\/wp\/v2\/media?parent=6362"}],"curies":[{"name":"wp","href":"https:\/\/api.w.org\/{rel}","templated":true}]}}