{"id":6354,"date":"2023-04-19T17:04:39","date_gmt":"2023-04-19T17:04:39","guid":{"rendered":"https:\/\/seykayachts.com\/proceso-antiosmosis\/"},"modified":"2025-01-23T06:52:01","modified_gmt":"2025-01-23T06:52:01","slug":"proceso-antiosmosis","status":"publish","type":"page","link":"https:\/\/seykayachts.com\/de\/proceso-antiosmosis\/","title":{"rendered":"ANTIOSMOSE-VERFAHREN AUF MALLORCA"},"content":{"rendered":"<section class=\"l-section wpb_row us_custom_c7535da0 height_huge with_img parallax_ver\"><div class=\"l-section-img\" data-img-width=\"2560\" data-img-height=\"1549\" style=\"background-image: url(https:\/\/seykayachts.com\/wp-content\/uploads\/2023\/01\/GBGFHHHE-scaled.jpg);background-position: top center;background-repeat: no-repeat;\"><\/div><div class=\"l-section-overlay\" style=\"background:linear-gradient(180deg,rgba(26,26,26,0.50),rgba(0,0,0,0))\"><\/div><div class=\"l-section-h i-cf\"><div class=\"g-cols vc_row via_flex valign_middle type_default stacking_default\"><div class=\"vc_col-sm-12 wpb_column vc_column_container\"><div class=\"vc_column-inner\"><div class=\"wpb_wrapper\"><div class=\"g-cols wpb_row via_flex valign_top type_default stacking_default\"><div class=\"vc_col-sm-12 wpb_column vc_column_container\"><div class=\"vc_column-inner us_custom_f70d789f us_animate_this\"><div class=\"wpb_wrapper\"><h1 class=\"w-post-elm post_title us_custom_0545b366 has_text_color entry-title color_link_inherit\">ANTIOSMOSE-VERFAHREN AUF MALLORCA<\/h1><\/div><\/div><\/div><\/div><\/div><\/div><\/div><\/div><\/div><\/section><section class=\"l-section wpb_row height_medium\"><div class=\"l-section-h i-cf\"><div class=\"g-cols vc_row via_flex valign_top type_default reversed stacking_default\"><div class=\"vc_col-sm-6 wpb_column vc_column_container\"><div class=\"vc_column-inner\"><div class=\"wpb_wrapper\"><div class=\"wpb_text_column us_custom_1f257949\"><div class=\"wpb_wrapper\"><p>Wenn wir \u00fcber einen Anti-Osmose-Prozess nachdenken, m\u00fcssen wir wissen, dass es zwei m\u00f6gliche Gr\u00fcnde gibt:<\/p>\n<ul>\n<li>Im Rumpf ist bereits Osmose vorhanden.<\/li>\n<li>Es ist keine Osmose vorhanden, aber der Rumpf wurde nicht vorbeugend behandelt.<\/li>\n<\/ul>\n<p><strong>WENN WIR DAS ANWESEN VON OSMOSE IM RUMPF BEOBACHTEN<\/strong><br \/>\nF\u00fcr einen korrekten Prozess f\u00fchren wir einen Sandstrahlvorgang bis zur Oberfl\u00e4che des Gelcoats durch. Sobald alle Schichten entfernt wurden, erfolgt eine Wertung in den Bereichen, in denen die Faser erreicht werden muss.<br \/>\nUnsere Techniker nehmen mit dem Hygrometer Messungen vor, um die Luftfeuchtigkeit zu ermitteln. Wenn diese ausreichend sind, kann der Antiosmoseprozess beginnen.<\/p>\n<p><strong>Es gibt keine Osmose, keine \u00fcbersch\u00fcssigen Antifouling-Schichten oder lebende Arbeiten ohne Osmose-Pr\u00e4ventivbehandlung<\/strong><br \/>\nF\u00fcr einen korrekten Prozess f\u00fchren wir eine Sandstrahlreinigung durch, bei der alle Schichten bis hin zum Gelcoat entfernt werden.<\/p>\n<p>Wie im vorherigen Prozess f\u00fchren unsere Techniker Messungen mit dem Hygrometer durch, um die Luftfeuchtigkeit zu ermitteln und sicherzustellen, dass sie angemessene Werte anzeigt.<\/p>\n<p>Auf diese Weise hinterlassen wir die gesamte Oberfl\u00e4che des lebendigen Werks bereit und vorbereitet f\u00fcr die entsprechende vorbeugende Osmosebehandlung.<\/p>\n<p>Mit diesen Antiosmoseverfahren sch\u00fctzen wir das lebende Werk vor dem Kontakt mit Meerwasser. Wir m\u00fcssen jedoch bedenken, dass die Bilge und die angrenzenden Fl\u00e4chen jederzeit vollst\u00e4ndig trocken sein m\u00fcssen, da sonst das Wasser einen Abfluss sucht und es in Zukunft zu Problemen kommen kann.<\/p>\n<\/div><\/div><div class=\"w-hwrapper align_none valign_middle wrap\"><div class=\"w-btn-wrapper align_center\"><a class=\"w-btn us-btn-style_1\" href=\"https:\/\/seykayachts.com\/de\/contacto\/\"><span class=\"w-btn-label\">NACH INFORMATIONEN FRAGEN<\/span><\/a><\/div><\/div><\/div><\/div><\/div><div class=\"vc_col-sm-6 wpb_column vc_column_container\"><div class=\"vc_column-inner type_sticky\"><div class=\"wpb_wrapper\"><div class=\"w-image style_shadow-2 align_none\"><div class=\"w-image-h\"><div class=\"w-image-shadow\" style=\"background-image:url(https:\/\/seykayachts.com\/wp-content\/uploads\/2023\/05\/TTO.-OSMOSIS-600x450.jpg);\"><\/div><img loading=\"lazy\" decoding=\"async\" width=\"600\" height=\"450\" src=\"https:\/\/seykayachts.com\/wp-content\/uploads\/2023\/05\/TTO.-OSMOSIS-600x450.jpg\" class=\"attachment-woocommerce_single size-woocommerce_single\" alt=\"\" srcset=\"https:\/\/seykayachts.com\/wp-content\/uploads\/2023\/05\/TTO.-OSMOSIS-600x450.jpg 600w, https:\/\/seykayachts.com\/wp-content\/uploads\/2023\/05\/TTO.-OSMOSIS-300x225.jpg 300w, https:\/\/seykayachts.com\/wp-content\/uploads\/2023\/05\/TTO.-OSMOSIS-1024x768.jpg 1024w, https:\/\/seykayachts.com\/wp-content\/uploads\/2023\/05\/TTO.-OSMOSIS-26x20.jpg 26w, https:\/\/seykayachts.com\/wp-content\/uploads\/2023\/05\/TTO.-OSMOSIS-400x300.jpg 400w, https:\/\/seykayachts.com\/wp-content\/uploads\/2023\/05\/TTO.-OSMOSIS-500x375.jpg 500w, https:\/\/seykayachts.com\/wp-content\/uploads\/2023\/05\/TTO.-OSMOSIS-533x400.jpg 533w, https:\/\/seykayachts.com\/wp-content\/uploads\/2023\/05\/TTO.-OSMOSIS.jpg 1440w\" sizes=\"auto, (max-width: 600px) 100vw, 600px\" \/><\/div><\/div><\/div><\/div><\/div><\/div><\/div><\/section>\n","protected":false},"excerpt":{"rendered":"ANTIOSMOSE-VERFAHREN AUF MALLORCAWenn wir \u00fcber einen Anti-Osmose-Prozess nachdenken, m\u00fcssen wir wissen, dass es zwei m\u00f6gliche Gr\u00fcnde gibt: Im Rumpf ist bereits Osmose vorhanden. Es ist keine Osmose vorhanden, aber der Rumpf wurde nicht vorbeugend behandelt. WENN WIR DAS ANWESEN VON OSMOSE IM RUMPF BEOBACHTEN F\u00fcr einen korrekten Prozess f\u00fchren wir einen Sandstrahlvorgang bis zur Oberfl\u00e4che...","protected":false},"author":7,"featured_media":0,"parent":0,"menu_order":0,"comment_status":"closed","ping_status":"closed","template":"","meta":{"_acf_changed":false,"_joinchat":[],"footnotes":""},"class_list":["post-6354","page","type-page","status-publish","hentry"],"acf":[],"_links":{"self":[{"href":"https:\/\/seykayachts.com\/de\/wp-json\/wp\/v2\/pages\/6354","targetHints":{"allow":["GET"]}}],"collection":[{"href":"https:\/\/seykayachts.com\/de\/wp-json\/wp\/v2\/pages"}],"about":[{"href":"https:\/\/seykayachts.com\/de\/wp-json\/wp\/v2\/types\/page"}],"author":[{"embeddable":true,"href":"https:\/\/seykayachts.com\/de\/wp-json\/wp\/v2\/users\/7"}],"replies":[{"embeddable":true,"href":"https:\/\/seykayachts.com\/de\/wp-json\/wp\/v2\/comments?post=6354"}],"version-history":[{"count":5,"href":"https:\/\/seykayachts.com\/de\/wp-json\/wp\/v2\/pages\/6354\/revisions"}],"predecessor-version":[{"id":8522,"href":"https:\/\/seykayachts.com\/de\/wp-json\/wp\/v2\/pages\/6354\/revisions\/8522"}],"wp:attachment":[{"href":"https:\/\/seykayachts.com\/de\/wp-json\/wp\/v2\/media?parent=6354"}],"curies":[{"name":"wp","href":"https:\/\/api.w.org\/{rel}","templated":true}]}}